{"id":7313,"date":"2023-02-13T18:21:59","date_gmt":"2023-02-13T18:21:59","guid":{"rendered":"https:\/\/jalon-ce.eu\/inicio\/"},"modified":"2024-04-23T18:39:04","modified_gmt":"2024-04-23T18:39:04","slug":"inicio","status":"publish","type":"page","link":"https:\/\/jalon-ce.eu\/pt-pt\/","title":{"rendered":"In\u00edcio"},"content":{"rendered":"\t\t<div data-elementor-type=\"wp-page\" data-elementor-id=\"7313\" class=\"elementor elementor-7313 elementor-5701\">\n\t\t\t\t\t\t\t\t\t<section class=\"elementor-section elementor-top-section elementor-element elementor-element-683511e elementor-section-full_width elementor-section-height-default elementor-section-height-default\" data-id=\"683511e\" data-element_type=\"section\">\n\t\t\t\t\t\t<div class=\"elementor-container elementor-column-gap-no\">\n\t\t\t\t\t<div class=\"elementor-column elementor-col-100 elementor-top-column elementor-element elementor-element-a600df8\" data-id=\"a600df8\" data-element_type=\"column\">\n\t\t\t<div class=\"elementor-widget-wrap\">\n\t\t\t\t\t\t\t\t\t<\/div>\n\t\t<\/div>\n\t\t\t\t\t\t\t<\/div>\n\t\t<\/section>\n\t\t\t\t<section class=\"elementor-section elementor-top-section elementor-element elementor-element-5d006f3 elementor-section-boxed elementor-section-height-default elementor-section-height-default\" data-id=\"5d006f3\" data-element_type=\"section\">\n\t\t\t\t\t\t<div class=\"elementor-container elementor-column-gap-default\">\n\t\t\t\t\t<div class=\"elementor-column elementor-col-66 elementor-top-column elementor-element elementor-element-91b477d\" data-id=\"91b477d\" data-element_type=\"column\">\n\t\t\t<div class=\"elementor-widget-wrap elementor-element-populated\">\n\t\t\t\t\t\t\t\t<div class=\"elementor-element elementor-element-7a1d5d7 elementor-widget elementor-widget-spacer\" data-id=\"7a1d5d7\" data-element_type=\"widget\" data-widget_type=\"spacer.default\">\n\t\t\t\t<div class=\"elementor-widget-container\">\n\t\t\t<style>\/*! elementor - v3.11.0 - 13-02-2023 *\/\n.elementor-column .elementor-spacer-inner{height:var(--spacer-size)}.e-con{--container-widget-width:100%}.e-con-inner>.elementor-widget-spacer,.e-con>.elementor-widget-spacer{width:var(--container-widget-width,var(--spacer-size));--align-self:var(--container-widget-align-self,initial);--flex-shrink:0}.e-con-inner>.elementor-widget-spacer>.elementor-widget-container,.e-con-inner>.elementor-widget-spacer>.elementor-widget-container>.elementor-spacer,.e-con>.elementor-widget-spacer>.elementor-widget-container,.e-con>.elementor-widget-spacer>.elementor-widget-container>.elementor-spacer{height:100%}.e-con-inner>.elementor-widget-spacer>.elementor-widget-container>.elementor-spacer>.elementor-spacer-inner,.e-con>.elementor-widget-spacer>.elementor-widget-container>.elementor-spacer>.elementor-spacer-inner{height:var(--container-widget-height,var(--spacer-size))}<\/style>\t\t<div class=\"elementor-spacer\">\n\t\t\t<div class=\"elementor-spacer-inner\"><\/div>\n\t\t<\/div>\n\t\t\t\t<\/div>\n\t\t\t\t<\/div>\n\t\t\t\t<div class=\"elementor-element elementor-element-ad9b5c5 elementor-widget elementor-widget-r-energy-section-heading\" data-id=\"ad9b5c5\" data-element_type=\"widget\" data-widget_type=\"r-energy-section-heading.default\">\n\t\t\t\t<div class=\"elementor-widget-container\">\n\t\t\t<div class=\"heading primary-heading mb-0\"><h5 class=\"subtitle\"><span>Qual \u00e9 o seu <\/span> <span>Perfil?<\/span><\/h5><\/div>\t\t<\/div>\n\t\t\t\t<\/div>\n\t\t\t\t<div class=\"elementor-element elementor-element-51fbadb elementor-widget elementor-widget-spacer\" data-id=\"51fbadb\" data-element_type=\"widget\" data-widget_type=\"spacer.default\">\n\t\t\t\t<div class=\"elementor-widget-container\">\n\t\t\t\t\t<div class=\"elementor-spacer\">\n\t\t\t<div class=\"elementor-spacer-inner\"><\/div>\n\t\t<\/div>\n\t\t\t\t<\/div>\n\t\t\t\t<\/div>\n\t\t\t\t\t<\/div>\n\t\t<\/div>\n\t\t\t\t<div class=\"elementor-column elementor-col-33 elementor-top-column elementor-element elementor-element-86f50ce\" data-id=\"86f50ce\" data-element_type=\"column\">\n\t\t\t<div class=\"elementor-widget-wrap\">\n\t\t\t\t\t\t\t\t\t<\/div>\n\t\t<\/div>\n\t\t\t\t\t\t\t<\/div>\n\t\t<\/section>\n\t\t\t\t<section class=\"elementor-section elementor-top-section elementor-element elementor-element-25fef6d elementor-section-boxed elementor-section-height-default elementor-section-height-default\" data-id=\"25fef6d\" data-element_type=\"section\">\n\t\t\t\t\t\t<div class=\"elementor-container elementor-column-gap-default\">\n\t\t\t\t\t<div class=\"elementor-column elementor-col-100 elementor-top-column elementor-element elementor-element-6c5e276\" data-id=\"6c5e276\" data-element_type=\"column\">\n\t\t\t<div class=\"elementor-widget-wrap elementor-element-populated\">\n\t\t\t\t\t\t\t\t<div class=\"elementor-element elementor-element-6f26c88 elementor-widget elementor-widget-r-energy-gallery-grid-section\" data-id=\"6f26c88\" data-element_type=\"widget\" data-widget_type=\"r-energy-gallery-grid-section.default\">\n\t\t\t\t<div class=\"elementor-widget-container\">\n\t\t\t<div class=\"main-gallery type-2\"><div class=\"gallery row no-gutters\"><div class=\"gallery-item jalon-option1 col-xl-3 col-sm-3\"><div class=\"gallery-item-content\"><a class=\"gallery-link\" href=\"https:\/\/jalon-ce.eu\/pt-pt\/sou-de-calatayud\/\"><picture><source srcset=\"https:\/\/jalon-ce.eu\/wp-content\/uploads\/2023\/02\/panoramica_aragon_zaragoza_calatayud_cedida.jpg\" media=\"(min-width: 992px)\"\/><img decoding=\"async\" class=\"img-bg\" src=\"https:\/\/jalon-ce.eu\/wp-content\/uploads\/2023\/02\/panoramica_aragon_zaragoza_calatayud_cedida.jpg\" alt=\"panoramica_aragon_zaragoza_calatayud_cedida.jpg\"><\/picture><\/a><a href=\"https:\/\/jalon-ce.eu\/pt-pt\/sou-de-calatayud\/\"><div class=\"description content-right\"><span>Sou da regi\u00e3o de Calatayud<\/span><\/div><\/a><\/div><\/div><div class=\"gallery-item jalon-option2 col-xl-3 col-sm-3\"><div class=\"gallery-item-content\"><a class=\"gallery-link\" href=\"https:\/\/jalon-ce.eu\/pt-pt\/quero-replicar-a-experiencia\/\"><picture><source srcset=\"https:\/\/jalon-ce.eu\/wp-content\/uploads\/2019\/12\/chuttersnap-s_7BE4D2va0-unsplash-scaled-1.jpg\" media=\"(min-width: 992px)\"\/><img decoding=\"async\" class=\"img-bg\" src=\"https:\/\/jalon-ce.eu\/wp-content\/uploads\/2019\/12\/chuttersnap-s_7BE4D2va0-unsplash-scaled-1.jpg\" alt=\"chuttersnap-s_7BE4D2va0-unsplash-scaled-1.jpg\"><\/picture><\/a><a href=\"https:\/\/jalon-ce.eu\/pt-pt\/quero-replicar-a-experiencia\/\"><div class=\"description content-right\"><span>Quero replicar a experi\u00eancia<\/span><\/div><\/a><\/div><\/div><div class=\"gallery-item jalon-option3 col-xl-3 col-sm-3\"><div class=\"gallery-item-content\"><a class=\"gallery-link\" href=\"https:\/\/jalon-ce.eu\/pt-pt\/sou-curioso\/\"><picture><source srcset=\"https:\/\/jalon-ce.eu\/wp-content\/uploads\/2023\/02\/finpeople-transformed-2.jpeg\" media=\"(min-width: 992px)\"\/><img decoding=\"async\" class=\"img-bg\" src=\"https:\/\/jalon-ce.eu\/wp-content\/uploads\/2023\/02\/finpeople-transformed-2.jpeg\" alt=\"finpeople-transformed-2.jpeg\"><\/picture><\/a><a href=\"https:\/\/jalon-ce.eu\/pt-pt\/sou-curioso\/\"><div class=\"description content-right\"><span>Sou curioso<\/span><\/div><\/a><\/div><\/div><div class=\"gallery-item  col-xl-3 col-sm-3\"><div class=\"gallery-item-content\"><a class=\"gallery-link\" href=\"https:\/\/jalon-ce.eu\/pt-pt\/comunidade-de-energias-renovaveis-do-calatayud\/\"><picture><source srcset=\"https:\/\/jalon-ce.eu\/wp-content\/uploads\/2024\/04\/cercacomunidadenergetica-450x450-1_menu.jpg\" media=\"(min-width: 992px)\"\/><img decoding=\"async\" class=\"img-bg\" src=\"https:\/\/jalon-ce.eu\/wp-content\/uploads\/2024\/04\/cercacomunidadenergetica-450x450-1_menu.jpg\" alt=\"cercacomunidadenergetica-450x450-1_menu.jpg\"><\/picture><\/a><a href=\"https:\/\/jalon-ce.eu\/pt-pt\/comunidade-de-energias-renovaveis-do-calatayud\/\"><div class=\"description content-right\"><span>Comunidade de Energias Renov\u00e1veis do Calatayud<\/span><\/div><\/a><\/div><\/div><\/div><\/div>\t\t<\/div>\n\t\t\t\t<\/div>\n\t\t\t\t\t<\/div>\n\t\t<\/div>\n\t\t\t\t\t\t\t<\/div>\n\t\t<\/section>\n\t\t\t\t<section class=\"elementor-section elementor-top-section elementor-element elementor-element-a8faf75 elementor-section-boxed elementor-section-height-default elementor-section-height-default\" data-id=\"a8faf75\" data-element_type=\"section\">\n\t\t\t\t\t\t<div class=\"elementor-container elementor-column-gap-default\">\n\t\t\t\t\t<div class=\"elementor-column elementor-col-100 elementor-top-column elementor-element elementor-element-853c63b\" data-id=\"853c63b\" data-element_type=\"column\">\n\t\t\t<div class=\"elementor-widget-wrap elementor-element-populated\">\n\t\t\t\t\t\t\t\t<div class=\"elementor-element elementor-element-2699aa5 elementor-widget elementor-widget-spacer\" data-id=\"2699aa5\" data-element_type=\"widget\" data-widget_type=\"spacer.default\">\n\t\t\t\t<div class=\"elementor-widget-container\">\n\t\t\t\t\t<div class=\"elementor-spacer\">\n\t\t\t<div class=\"elementor-spacer-inner\"><\/div>\n\t\t<\/div>\n\t\t\t\t<\/div>\n\t\t\t\t<\/div>\n\t\t\t\t\t<\/div>\n\t\t<\/div>\n\t\t\t\t\t\t\t<\/div>\n\t\t<\/section>\n\t\t\t\t\t\t\t<\/div>\n\t\t","protected":false},"excerpt":{"rendered":"<p>Qual \u00e9 o seu Perfil? Sou da regi\u00e3o de CalatayudQuero replicar a experi\u00eanciaSou curiosoComunidade de Energias Renov\u00e1veis do Calatayud<\/p>\n","protected":false},"author":1,"featured_media":0,"parent":0,"menu_order":0,"comment_status":"closed","ping_status":"closed","template":"r-energy-elementor-page.php","meta":{"_acf_changed":false,"footnotes":""},"class_list":{"0":"post-7313","1":"page","2":"type-page","3":"status-publish","4":"hentry","5":"nt-post-class","6":"","7":"masonry-item","8":"col-lg-4","10":"thumb-none","12":"excerpt-none"},"acf":[],"_links":{"self":[{"href":"https:\/\/jalon-ce.eu\/pt-pt\/wp-json\/wp\/v2\/pages\/7313","targetHints":{"allow":["GET"]}}],"collection":[{"href":"https:\/\/jalon-ce.eu\/pt-pt\/wp-json\/wp\/v2\/pages"}],"about":[{"href":"https:\/\/jalon-ce.eu\/pt-pt\/wp-json\/wp\/v2\/types\/page"}],"author":[{"embeddable":true,"href":"https:\/\/jalon-ce.eu\/pt-pt\/wp-json\/wp\/v2\/users\/1"}],"replies":[{"embeddable":true,"href":"https:\/\/jalon-ce.eu\/pt-pt\/wp-json\/wp\/v2\/comments?post=7313"}],"version-history":[{"count":18,"href":"https:\/\/jalon-ce.eu\/pt-pt\/wp-json\/wp\/v2\/pages\/7313\/revisions"}],"predecessor-version":[{"id":8178,"href":"https:\/\/jalon-ce.eu\/pt-pt\/wp-json\/wp\/v2\/pages\/7313\/revisions\/8178"}],"wp:attachment":[{"href":"https:\/\/jalon-ce.eu\/pt-pt\/wp-json\/wp\/v2\/media?parent=7313"}],"curies":[{"name":"wp","href":"https:\/\/api.w.org\/{rel}","templated":true}]}}